{"id":26,"date":"2021-12-21T20:37:43","date_gmt":"2021-12-21T19:37:43","guid":{"rendered":"https:\/\/gruene-eichstaett.de\/koesching\/?page_id=26"},"modified":"2022-08-24T13:27:28","modified_gmt":"2022-08-24T11:27:28","slug":"vorstand","status":"publish","type":"page","link":"https:\/\/gruene-eichstaett.de\/koesching\/","title":{"rendered":"Vorstand"},"content":{"rendered":"\n<div style=\"height:50px\" aria-hidden=\"true\" class=\"wp-block-spacer\"><\/div>\n\n\n\n<div class=\"wp-block-columns is-layout-flex wp-container-core-columns-is-layout-9d6595d7 wp-block-columns-is-layout-flex\">\n<div class=\"wp-block-column is-layout-flow wp-block-column-is-layout-flow\"><\/div>\n\n\n\n<div class=\"wp-block-column is-layout-flow wp-block-column-is-layout-flow\">\n<figure class=\"wp-block-image size-full is-style-rounded\"><img loading=\"lazy\" decoding=\"async\" width=\"500\" height=\"500\" src=\"https:\/\/gruene-eichstaett.de\/koesching\/wp-content\/uploads\/sites\/6\/2021\/12\/Profilbild-Sonenblume.png\" alt=\"\" class=\"wp-image-28\" srcset=\"https:\/\/gruene-eichstaett.de\/koesching\/wp-content\/uploads\/sites\/6\/2021\/12\/Profilbild-Sonenblume.png 500w, https:\/\/gruene-eichstaett.de\/koesching\/wp-content\/uploads\/sites\/6\/2021\/12\/Profilbild-Sonenblume-300x300.png 300w, https:\/\/gruene-eichstaett.de\/koesching\/wp-content\/uploads\/sites\/6\/2021\/12\/Profilbild-Sonenblume-150x150.png 150w\" sizes=\"auto, (max-width: 500px) 100vw, 500px\" \/><\/figure>\n<\/div>\n\n\n\n<div class=\"wp-block-column is-vertically-aligned-center is-layout-flow wp-block-column-is-layout-flow\">\n<h3 class=\"wp-block-heading\">Gisela Walter-Seth<\/h3>\n\n\n\n<p>Sprecherin im Ortsverband K\u00f6sching<\/p>\n<\/div>\n<\/div>\n\n\n\n<div style=\"height:50px\" aria-hidden=\"true\" class=\"wp-block-spacer\"><\/div>\n\n\n\n<div class=\"wp-block-columns is-layout-flex wp-container-core-columns-is-layout-9d6595d7 wp-block-columns-is-layout-flex\">\n<div class=\"wp-block-column is-layout-flow wp-block-column-is-layout-flow\"><\/div>\n\n\n\n<div class=\"wp-block-column is-layout-flow wp-block-column-is-layout-flow\">\n<figure class=\"wp-block-image size-full is-style-rounded\"><img loading=\"lazy\" decoding=\"async\" width=\"800\" height=\"800\" src=\"https:\/\/gruene-eichstaett.de\/koesching\/wp-content\/uploads\/sites\/6\/2022\/08\/Manfred-Lindner-Web.jpg\" alt=\"\" class=\"wp-image-79\" srcset=\"https:\/\/gruene-eichstaett.de\/koesching\/wp-content\/uploads\/sites\/6\/2022\/08\/Manfred-Lindner-Web.jpg 800w, https:\/\/gruene-eichstaett.de\/koesching\/wp-content\/uploads\/sites\/6\/2022\/08\/Manfred-Lindner-Web-300x300.jpg 300w, https:\/\/gruene-eichstaett.de\/koesching\/wp-content\/uploads\/sites\/6\/2022\/08\/Manfred-Lindner-Web-150x150.jpg 150w, https:\/\/gruene-eichstaett.de\/koesching\/wp-content\/uploads\/sites\/6\/2022\/08\/Manfred-Lindner-Web-768x768.jpg 768w\" sizes=\"auto, (max-width: 800px) 100vw, 800px\" \/><\/figure>\n<\/div>\n\n\n\n<div class=\"wp-block-column is-vertically-aligned-center is-layout-flow wp-block-column-is-layout-flow\">\n<h3 class=\"wp-block-heading\">Manfred Lindner<\/h3>\n\n\n\n<p>Sprecher im Ortsverband K\u00f6sching<\/p>\n<\/div>\n<\/div>\n\n\n\n<div style=\"height:51px\" aria-hidden=\"true\" class=\"wp-block-spacer\"><\/div>\n\n\n\n<div class=\"wp-block-columns is-layout-flex wp-container-core-columns-is-layout-9d6595d7 wp-block-columns-is-layout-flex\">\n<div class=\"wp-block-column is-layout-flow wp-block-column-is-layout-flow\"><\/div>\n\n\n\n<div class=\"wp-block-column is-layout-flow wp-block-column-is-layout-flow\">\n<figure class=\"wp-block-image size-full is-style-rounded\"><img loading=\"lazy\" decoding=\"async\" width=\"800\" height=\"800\" src=\"https:\/\/gruene-eichstaett.de\/koesching\/wp-content\/uploads\/sites\/6\/2022\/04\/WernerBauerKugelmann-Web.jpg\" alt=\"\" class=\"wp-image-74\" srcset=\"https:\/\/gruene-eichstaett.de\/koesching\/wp-content\/uploads\/sites\/6\/2022\/04\/WernerBauerKugelmann-Web.jpg 800w, https:\/\/gruene-eichstaett.de\/koesching\/wp-content\/uploads\/sites\/6\/2022\/04\/WernerBauerKugelmann-Web-300x300.jpg 300w, https:\/\/gruene-eichstaett.de\/koesching\/wp-content\/uploads\/sites\/6\/2022\/04\/WernerBauerKugelmann-Web-150x150.jpg 150w, https:\/\/gruene-eichstaett.de\/koesching\/wp-content\/uploads\/sites\/6\/2022\/04\/WernerBauerKugelmann-Web-768x768.jpg 768w\" sizes=\"auto, (max-width: 800px) 100vw, 800px\" \/><\/figure>\n<\/div>\n\n\n\n<div class=\"wp-block-column is-vertically-aligned-center is-layout-flow wp-block-column-is-layout-flow\">\n<h3 class=\"wp-block-heading\">Werner Bauer-Kugelmann<\/h3>\n\n\n\n<p>Schriftf\u00fchrer im Ortsverband K\u00f6sching<\/p>\n<\/div>\n<\/div>\n\n\n\n<div style=\"height:50px\" aria-hidden=\"true\" class=\"wp-block-spacer\"><\/div>\n\n\n\n<div class=\"wp-block-columns is-layout-flex wp-container-core-columns-is-layout-9d6595d7 wp-block-columns-is-layout-flex\">\n<div class=\"wp-block-column is-layout-flow wp-block-column-is-layout-flow\"><\/div>\n\n\n\n<div class=\"wp-block-column is-layout-flow wp-block-column-is-layout-flow\">\n<figure class=\"wp-block-image size-full is-style-rounded\"><img loading=\"lazy\" decoding=\"async\" width=\"800\" height=\"800\" src=\"https:\/\/gruene-eichstaett.de\/koesching\/wp-content\/uploads\/sites\/6\/2022\/08\/Gabriele-Lindner-Web.jpg\" alt=\"\" class=\"wp-image-80\" srcset=\"https:\/\/gruene-eichstaett.de\/koesching\/wp-content\/uploads\/sites\/6\/2022\/08\/Gabriele-Lindner-Web.jpg 800w, https:\/\/gruene-eichstaett.de\/koesching\/wp-content\/uploads\/sites\/6\/2022\/08\/Gabriele-Lindner-Web-300x300.jpg 300w, https:\/\/gruene-eichstaett.de\/koesching\/wp-content\/uploads\/sites\/6\/2022\/08\/Gabriele-Lindner-Web-150x150.jpg 150w, https:\/\/gruene-eichstaett.de\/koesching\/wp-content\/uploads\/sites\/6\/2022\/08\/Gabriele-Lindner-Web-768x768.jpg 768w\" sizes=\"auto, (max-width: 800px) 100vw, 800px\" \/><\/figure>\n<\/div>\n\n\n\n<div class=\"wp-block-column is-vertically-aligned-center is-layout-flow wp-block-column-is-layout-flow\">\n<h3 class=\"wp-block-heading\">Gabriele Lindner<\/h3>\n\n\n\n<p>Mitglied im Vorstand des Ortsverbands K\u00f6sching<\/p>\n<\/div>\n<\/div>\n\n\n\n<div style=\"height:50px\" aria-hidden=\"true\" class=\"wp-block-spacer\"><\/div>\n","protected":false},"excerpt":{"rendered":"<p>Gisela Walter-Seth Sprecherin im Ortsverband K\u00f6sching Manfred Lindner Sprecher im Ortsverband K\u00f6sching Werner Bauer-Kugelmann Schriftf\u00fchrer im Ortsverband K\u00f6sching Gabriele Lindner Mitglied im Vorstand des Ortsverbands K\u00f6sching<\/p>\n","protected":false},"author":2,"featured_media":0,"parent":0,"menu_order":0,"comment_status":"closed","ping_status":"closed","template":"","meta":{"footnotes":""},"class_list":["post-26","page","type-page","status-publish","hentry"],"yoast_head":"<!-- This site is optimized with the Yoast SEO plugin v27.3 - https:\/\/yoast.com\/product\/yoast-seo-wordpress\/ -->\n<title>Vorstand - B\u00dcNDNIS 90\/DIE GR\u00dcNEN<\/title>\n<meta name=\"robots\" content=\"index, follow, max-snippet:-1, max-image-preview:large, max-video-preview:-1\" \/>\n<link rel=\"canonical\" href=\"https:\/\/gruene-eichstaett.de\/koesching\/\" \/>\n<meta property=\"og:locale\" content=\"de_DE\" \/>\n<meta property=\"og:type\" content=\"article\" \/>\n<meta property=\"og:title\" content=\"Vorstand - B\u00dcNDNIS 90\/DIE GR\u00dcNEN\" \/>\n<meta property=\"og:description\" content=\"Gisela Walter-Seth Sprecherin im Ortsverband K\u00f6sching Manfred Lindner Sprecher im Ortsverband K\u00f6sching Werner Bauer-Kugelmann Schriftf\u00fchrer im Ortsverband K\u00f6sching Gabriele Lindner Mitglied im Vorstand des Ortsverbands K\u00f6sching\" \/>\n<meta property=\"og:url\" content=\"https:\/\/gruene-eichstaett.de\/koesching\/\" \/>\n<meta property=\"og:site_name\" content=\"B\u00dcNDNIS 90\/DIE GR\u00dcNEN\" \/>\n<meta property=\"article:modified_time\" content=\"2022-08-24T11:27:28+00:00\" \/>\n<meta property=\"og:image\" content=\"http:\/\/gruene-eichstaett.de\/koesching\/wp-content\/uploads\/sites\/6\/2021\/12\/Profilbild-Sonenblume.png\" \/>\n<meta name=\"twitter:card\" content=\"summary_large_image\" \/>\n<meta name=\"twitter:label1\" content=\"Gesch\u00e4tzte Lesezeit\" \/>\n\t<meta name=\"twitter:data1\" content=\"1\u00a0Minute\" \/>\n<script type=\"application\/ld+json\" class=\"yoast-schema-graph\">{\"@context\":\"https:\\\/\\\/schema.org\",\"@graph\":[{\"@type\":\"WebPage\",\"@id\":\"https:\\\/\\\/gruene-eichstaett.de\\\/koesching\\\/\",\"url\":\"https:\\\/\\\/gruene-eichstaett.de\\\/koesching\\\/\",\"name\":\"Vorstand - B\u00dcNDNIS 90\\\/DIE GR\u00dcNEN\",\"isPartOf\":{\"@id\":\"https:\\\/\\\/gruene-eichstaett.de\\\/koesching\\\/#website\"},\"primaryImageOfPage\":{\"@id\":\"https:\\\/\\\/gruene-eichstaett.de\\\/koesching\\\/#primaryimage\"},\"image\":{\"@id\":\"https:\\\/\\\/gruene-eichstaett.de\\\/koesching\\\/#primaryimage\"},\"thumbnailUrl\":\"http:\\\/\\\/gruene-eichstaett.de\\\/koesching\\\/wp-content\\\/uploads\\\/sites\\\/6\\\/2021\\\/12\\\/Profilbild-Sonenblume.png\",\"datePublished\":\"2021-12-21T19:37:43+00:00\",\"dateModified\":\"2022-08-24T11:27:28+00:00\",\"breadcrumb\":{\"@id\":\"https:\\\/\\\/gruene-eichstaett.de\\\/koesching\\\/#breadcrumb\"},\"inLanguage\":\"de\",\"potentialAction\":[{\"@type\":\"ReadAction\",\"target\":[\"https:\\\/\\\/gruene-eichstaett.de\\\/koesching\\\/\"]}]},{\"@type\":\"ImageObject\",\"inLanguage\":\"de\",\"@id\":\"https:\\\/\\\/gruene-eichstaett.de\\\/koesching\\\/#primaryimage\",\"url\":\"http:\\\/\\\/gruene-eichstaett.de\\\/koesching\\\/wp-content\\\/uploads\\\/sites\\\/6\\\/2021\\\/12\\\/Profilbild-Sonenblume.png\",\"contentUrl\":\"http:\\\/\\\/gruene-eichstaett.de\\\/koesching\\\/wp-content\\\/uploads\\\/sites\\\/6\\\/2021\\\/12\\\/Profilbild-Sonenblume.png\"},{\"@type\":\"BreadcrumbList\",\"@id\":\"https:\\\/\\\/gruene-eichstaett.de\\\/koesching\\\/#breadcrumb\",\"itemListElement\":[{\"@type\":\"ListItem\",\"position\":1,\"name\":\"Startseite\",\"item\":\"https:\\\/\\\/gruene-eichstaett.de\\\/koesching\\\/\"},{\"@type\":\"ListItem\",\"position\":2,\"name\":\"Vorstand\"}]},{\"@type\":\"WebSite\",\"@id\":\"https:\\\/\\\/gruene-eichstaett.de\\\/koesching\\\/#website\",\"url\":\"https:\\\/\\\/gruene-eichstaett.de\\\/koesching\\\/\",\"name\":\"B\u00dcNDNIS 90\\\/DIE GR\u00dcNEN\",\"description\":\"in der Gemeinde K\u00f6sching\",\"publisher\":{\"@id\":\"https:\\\/\\\/gruene-eichstaett.de\\\/koesching\\\/#organization\"},\"potentialAction\":[{\"@type\":\"SearchAction\",\"target\":{\"@type\":\"EntryPoint\",\"urlTemplate\":\"https:\\\/\\\/gruene-eichstaett.de\\\/koesching\\\/?s={search_term_string}\"},\"query-input\":{\"@type\":\"PropertyValueSpecification\",\"valueRequired\":true,\"valueName\":\"search_term_string\"}}],\"inLanguage\":\"de\"},{\"@type\":\"Organization\",\"@id\":\"https:\\\/\\\/gruene-eichstaett.de\\\/koesching\\\/#organization\",\"name\":\"B\u00dcNDNIS 90\\\/DIE GR\u00dcNEN\",\"url\":\"https:\\\/\\\/gruene-eichstaett.de\\\/koesching\\\/\",\"logo\":{\"@type\":\"ImageObject\",\"inLanguage\":\"de\",\"@id\":\"https:\\\/\\\/gruene-eichstaett.de\\\/koesching\\\/#\\\/schema\\\/logo\\\/image\\\/\",\"url\":\"http:\\\/\\\/gruene-eichstaett.de\\\/koesching\\\/wp-content\\\/uploads\\\/sites\\\/6\\\/2021\\\/12\\\/Profilbild-Sonenblume.png\",\"contentUrl\":\"http:\\\/\\\/gruene-eichstaett.de\\\/koesching\\\/wp-content\\\/uploads\\\/sites\\\/6\\\/2021\\\/12\\\/Profilbild-Sonenblume.png\",\"width\":500,\"height\":500,\"caption\":\"B\u00dcNDNIS 90\\\/DIE GR\u00dcNEN\"},\"image\":{\"@id\":\"https:\\\/\\\/gruene-eichstaett.de\\\/koesching\\\/#\\\/schema\\\/logo\\\/image\\\/\"}}]}<\/script>\n<!-- \/ Yoast SEO plugin. -->","yoast_head_json":{"title":"Vorstand - B\u00dcNDNIS 90\/DIE GR\u00dcNEN","robots":{"index":"index","follow":"follow","max-snippet":"max-snippet:-1","max-image-preview":"max-image-preview:large","max-video-preview":"max-video-preview:-1"},"canonical":"https:\/\/gruene-eichstaett.de\/koesching\/","og_locale":"de_DE","og_type":"article","og_title":"Vorstand - B\u00dcNDNIS 90\/DIE GR\u00dcNEN","og_description":"Gisela Walter-Seth Sprecherin im Ortsverband K\u00f6sching Manfred Lindner Sprecher im Ortsverband K\u00f6sching Werner Bauer-Kugelmann Schriftf\u00fchrer im Ortsverband K\u00f6sching Gabriele Lindner Mitglied im Vorstand des Ortsverbands K\u00f6sching","og_url":"https:\/\/gruene-eichstaett.de\/koesching\/","og_site_name":"B\u00dcNDNIS 90\/DIE GR\u00dcNEN","article_modified_time":"2022-08-24T11:27:28+00:00","og_image":[{"url":"http:\/\/gruene-eichstaett.de\/koesching\/wp-content\/uploads\/sites\/6\/2021\/12\/Profilbild-Sonenblume.png","type":"","width":"","height":""}],"twitter_card":"summary_large_image","twitter_misc":{"Gesch\u00e4tzte Lesezeit":"1\u00a0Minute"},"schema":{"@context":"https:\/\/schema.org","@graph":[{"@type":"WebPage","@id":"https:\/\/gruene-eichstaett.de\/koesching\/","url":"https:\/\/gruene-eichstaett.de\/koesching\/","name":"Vorstand - B\u00dcNDNIS 90\/DIE GR\u00dcNEN","isPartOf":{"@id":"https:\/\/gruene-eichstaett.de\/koesching\/#website"},"primaryImageOfPage":{"@id":"https:\/\/gruene-eichstaett.de\/koesching\/#primaryimage"},"image":{"@id":"https:\/\/gruene-eichstaett.de\/koesching\/#primaryimage"},"thumbnailUrl":"http:\/\/gruene-eichstaett.de\/koesching\/wp-content\/uploads\/sites\/6\/2021\/12\/Profilbild-Sonenblume.png","datePublished":"2021-12-21T19:37:43+00:00","dateModified":"2022-08-24T11:27:28+00:00","breadcrumb":{"@id":"https:\/\/gruene-eichstaett.de\/koesching\/#breadcrumb"},"inLanguage":"de","potentialAction":[{"@type":"ReadAction","target":["https:\/\/gruene-eichstaett.de\/koesching\/"]}]},{"@type":"ImageObject","inLanguage":"de","@id":"https:\/\/gruene-eichstaett.de\/koesching\/#primaryimage","url":"http:\/\/gruene-eichstaett.de\/koesching\/wp-content\/uploads\/sites\/6\/2021\/12\/Profilbild-Sonenblume.png","contentUrl":"http:\/\/gruene-eichstaett.de\/koesching\/wp-content\/uploads\/sites\/6\/2021\/12\/Profilbild-Sonenblume.png"},{"@type":"BreadcrumbList","@id":"https:\/\/gruene-eichstaett.de\/koesching\/#breadcrumb","itemListElement":[{"@type":"ListItem","position":1,"name":"Startseite","item":"https:\/\/gruene-eichstaett.de\/koesching\/"},{"@type":"ListItem","position":2,"name":"Vorstand"}]},{"@type":"WebSite","@id":"https:\/\/gruene-eichstaett.de\/koesching\/#website","url":"https:\/\/gruene-eichstaett.de\/koesching\/","name":"B\u00dcNDNIS 90\/DIE GR\u00dcNEN","description":"in der Gemeinde K\u00f6sching","publisher":{"@id":"https:\/\/gruene-eichstaett.de\/koesching\/#organization"},"potentialAction":[{"@type":"SearchAction","target":{"@type":"EntryPoint","urlTemplate":"https:\/\/gruene-eichstaett.de\/koesching\/?s={search_term_string}"},"query-input":{"@type":"PropertyValueSpecification","valueRequired":true,"valueName":"search_term_string"}}],"inLanguage":"de"},{"@type":"Organization","@id":"https:\/\/gruene-eichstaett.de\/koesching\/#organization","name":"B\u00dcNDNIS 90\/DIE GR\u00dcNEN","url":"https:\/\/gruene-eichstaett.de\/koesching\/","logo":{"@type":"ImageObject","inLanguage":"de","@id":"https:\/\/gruene-eichstaett.de\/koesching\/#\/schema\/logo\/image\/","url":"http:\/\/gruene-eichstaett.de\/koesching\/wp-content\/uploads\/sites\/6\/2021\/12\/Profilbild-Sonenblume.png","contentUrl":"http:\/\/gruene-eichstaett.de\/koesching\/wp-content\/uploads\/sites\/6\/2021\/12\/Profilbild-Sonenblume.png","width":500,"height":500,"caption":"B\u00dcNDNIS 90\/DIE GR\u00dcNEN"},"image":{"@id":"https:\/\/gruene-eichstaett.de\/koesching\/#\/schema\/logo\/image\/"}}]}},"_links":{"self":[{"href":"https:\/\/gruene-eichstaett.de\/koesching\/wp-json\/wp\/v2\/pages\/26","targetHints":{"allow":["GET"]}}],"collection":[{"href":"https:\/\/gruene-eichstaett.de\/koesching\/wp-json\/wp\/v2\/pages"}],"about":[{"href":"https:\/\/gruene-eichstaett.de\/koesching\/wp-json\/wp\/v2\/types\/page"}],"author":[{"embeddable":true,"href":"https:\/\/gruene-eichstaett.de\/koesching\/wp-json\/wp\/v2\/users\/2"}],"replies":[{"embeddable":true,"href":"https:\/\/gruene-eichstaett.de\/koesching\/wp-json\/wp\/v2\/comments?post=26"}],"version-history":[{"count":5,"href":"https:\/\/gruene-eichstaett.de\/koesching\/wp-json\/wp\/v2\/pages\/26\/revisions"}],"predecessor-version":[{"id":81,"href":"https:\/\/gruene-eichstaett.de\/koesching\/wp-json\/wp\/v2\/pages\/26\/revisions\/81"}],"wp:attachment":[{"href":"https:\/\/gruene-eichstaett.de\/koesching\/wp-json\/wp\/v2\/media?parent=26"}],"curies":[{"name":"wp","href":"https:\/\/api.w.org\/{rel}","templated":true}]}}