{"id":10,"date":"2021-12-07T15:18:48","date_gmt":"2021-12-07T14:18:48","guid":{"rendered":"https:\/\/gruene-eichstaett.de\/kreistag\/?page_id=10"},"modified":"2023-02-13T10:40:08","modified_gmt":"2023-02-13T09:40:08","slug":"kreisraetinnen-und-kreisraete","status":"publish","type":"page","link":"https:\/\/gruene-eichstaett.de\/kreistag\/","title":{"rendered":"KREISR\u00c4TINNEN UND KREISR\u00c4TE"},"content":{"rendered":"\n<div class=\"wp-block-columns is-layout-flex wp-container-core-columns-is-layout-9d6595d7 wp-block-columns-is-layout-flex\">\n<div class=\"wp-block-column is-layout-flow wp-block-column-is-layout-flow\">\n<div style=\"height:60px\" aria-hidden=\"true\" class=\"wp-block-spacer\"><\/div>\n\n\n\n<figure class=\"wp-block-image size-large is-style-rounded\"><img loading=\"lazy\" decoding=\"async\" width=\"1024\" height=\"1024\" src=\"https:\/\/gruene-eichstaett.de\/kreistag\/wp-content\/uploads\/sites\/13\/2023\/02\/Simone-Zink-Website-1024x1024.jpg\" alt=\"\" class=\"wp-image-86\" srcset=\"https:\/\/gruene-eichstaett.de\/kreistag\/wp-content\/uploads\/sites\/13\/2023\/02\/Simone-Zink-Website-1024x1024.jpg 1024w, https:\/\/gruene-eichstaett.de\/kreistag\/wp-content\/uploads\/sites\/13\/2023\/02\/Simone-Zink-Website-300x300.jpg 300w, https:\/\/gruene-eichstaett.de\/kreistag\/wp-content\/uploads\/sites\/13\/2023\/02\/Simone-Zink-Website-150x150.jpg 150w, https:\/\/gruene-eichstaett.de\/kreistag\/wp-content\/uploads\/sites\/13\/2023\/02\/Simone-Zink-Website-768x768.jpg 768w, https:\/\/gruene-eichstaett.de\/kreistag\/wp-content\/uploads\/sites\/13\/2023\/02\/Simone-Zink-Website.jpg 1200w\" sizes=\"auto, (max-width: 1024px) 100vw, 1024px\" \/><\/figure>\n\n\n\n<div style=\"height:60px\" aria-hidden=\"true\" class=\"wp-block-spacer\"><\/div>\n<\/div>\n\n\n\n<div class=\"wp-block-column is-vertically-aligned-center is-layout-flow wp-block-column-is-layout-flow\">\n<h3 class=\"wp-block-heading\">Simone Zink<\/h3>\n\n\n\n<p>Fraktionsvorsitzende<\/p>\n<\/div>\n<\/div>\n\n\n\n<p>Ich bin f\u00fcr Sie in folgenden Aussch\u00fcssen und Gremien t\u00e4tig:<\/p>\n\n\n\n<ul class=\"wp-block-list\">\n<li>Kreisausschuss<\/li>\n\n\n\n<li>Rechnungspr\u00fcfungsausschuss<\/li>\n\n\n\n<li>Ausschuss f\u00fcr Natur und Umwelt (Stellvertreterin)<\/li>\n\n\n\n<li>Ausschuss f\u00fcr \u00d6PNV und Umwelt (Stellvertreterin)<\/li>\n\n\n\n<li>Klima- und Energiebeirat (Stellvertreterin)<\/li>\n<\/ul>\n\n\n\n<div class=\"wp-block-columns is-layout-flex wp-container-core-columns-is-layout-9d6595d7 wp-block-columns-is-layout-flex\">\n<div class=\"wp-block-column is-layout-flow wp-block-column-is-layout-flow\">\n<div style=\"height:60px\" aria-hidden=\"true\" class=\"wp-block-spacer\"><\/div>\n<\/div>\n<\/div>\n\n\n\n<div class=\"wp-block-columns are-vertically-aligned-center is-layout-flex wp-container-core-columns-is-layout-9d6595d7 wp-block-columns-is-layout-flex\">\n<div class=\"wp-block-column is-vertically-aligned-center is-layout-flow wp-block-column-is-layout-flow\">\n<figure class=\"wp-block-image size-full is-style-rounded\"><img decoding=\"async\" src=\"https:\/\/gruene-eichstaett.de\/kreistag\/wp-content\/uploads\/sites\/13\/2021\/12\/Profilbild-Sonenblume.png\" alt=\"\" class=\"wp-image-13\"\/><\/figure>\n<\/div>\n\n\n\n<div class=\"wp-block-column is-vertically-aligned-center is-layout-flow wp-block-column-is-layout-flow\">\n<h3 class=\"wp-block-heading\">Manfred Muthig<\/h3>\n\n\n\n<p>stellvertretender Fraktionsvorsitzender<\/p>\n<\/div>\n<\/div>\n\n\n\n<div style=\"height:60px\" aria-hidden=\"true\" class=\"wp-block-spacer\"><\/div>\n\n\n\n<p>Ich bin f\u00fcr Sie in folgenden Aussch\u00fcssen und Gremien t\u00e4tig:<\/p>\n\n\n\n<ul class=\"wp-block-list\">\n<li>Ausschuss f\u00fcr \u00d6PNV und Mobilit\u00e4t<\/li>\n\n\n\n<li>Klima- und Energiebeirat<\/li>\n\n\n\n<li>Ausschuss f\u00fcr Tourismus und Wirtschaft (Stellvertreter)<\/li>\n\n\n\n<li>Rechnungspr\u00fcfungsausschuss (Stellvertreter)<\/li>\n\n\n\n<li>Kreisausschuss (Stellvertreter)<\/li>\n\n\n\n<li>Verwaltungsrat des Kommunalunternehmens Klinken im Naturpark Altm\u00fchltal (Stellvertreter)<\/li>\n<\/ul>\n\n\n\n<div style=\"height:60px\" aria-hidden=\"true\" class=\"wp-block-spacer\"><\/div>\n\n\n\n<div class=\"wp-block-columns is-layout-flex wp-container-core-columns-is-layout-9d6595d7 wp-block-columns-is-layout-flex\">\n<div class=\"wp-block-column is-layout-flow wp-block-column-is-layout-flow\">\n<figure class=\"wp-block-image size-full is-style-rounded\"><img loading=\"lazy\" decoding=\"async\" width=\"400\" height=\"400\" src=\"http:\/\/gruene-eichstaett.de\/kreistag\/wp-content\/uploads\/sites\/13\/2021\/12\/Profilbild-Sonenblume-e1638891539515.png\" alt=\"\" class=\"wp-image-13\"\/><\/figure>\n<\/div>\n\n\n\n<div class=\"wp-block-column is-vertically-aligned-center is-layout-flow wp-block-column-is-layout-flow\">\n<h3 class=\"wp-block-heading\">Friederike R\u00f6tzsch<\/h3>\n<\/div>\n<\/div>\n\n\n\n<div style=\"height:60px\" aria-hidden=\"true\" class=\"wp-block-spacer\"><\/div>\n\n\n\n<p>Ich bin f\u00fcr Sie in folgenden Aussch\u00fcssen und Gremien t\u00e4tig:<\/p>\n\n\n\n<ul class=\"wp-block-list\">\n<li>Ausschuss f\u00fcr Soziales<\/li>\n\n\n\n<li>Jugendhilfeausschuss<\/li>\n\n\n\n<li>Vergabeausschuss f\u00fcr das &#8222;Sonderprogramm Jurah\u00e4user&#8220; (Stellvertreterin)<\/li>\n<\/ul>\n\n\n\n<div style=\"height:60px\" aria-hidden=\"true\" class=\"wp-block-spacer\"><\/div>\n\n\n\n<div class=\"wp-block-columns is-layout-flex wp-container-core-columns-is-layout-9d6595d7 wp-block-columns-is-layout-flex\">\n<div class=\"wp-block-column is-layout-flow wp-block-column-is-layout-flow\">\n<figure class=\"wp-block-image size-full is-style-rounded\"><img loading=\"lazy\" decoding=\"async\" width=\"400\" height=\"400\" src=\"http:\/\/gruene-eichstaett.de\/kreistag\/wp-content\/uploads\/sites\/13\/2021\/12\/Profilbild-Sonenblume-e1638891539515.png\" alt=\"\" class=\"wp-image-13\"\/><\/figure>\n<\/div>\n\n\n\n<div class=\"wp-block-column is-vertically-aligned-center is-layout-flow wp-block-column-is-layout-flow\">\n<h3 class=\"wp-block-heading\">Alexander Prei\u00df<\/h3>\n<\/div>\n<\/div>\n\n\n\n<div style=\"height:60px\" aria-hidden=\"true\" class=\"wp-block-spacer\"><\/div>\n\n\n\n<p>Ich bin f\u00fcr Sie in folgenden Gremien und Aussch\u00fcssen t\u00e4tig<\/p>\n\n\n\n<ul class=\"wp-block-list\">\n<li>Ausschuss f\u00fcr Natur und Umwelt<\/li>\n\n\n\n<li>Ausschuss f\u00fcr Tourismus und Wirtschaft<\/li>\n\n\n\n<li>Vergabeausschuss f\u00fcr das &#8222;Sonderprogramm Jurah\u00e4user&#8220;<\/li>\n\n\n\n<li>Ausschuss f\u00fcr Soziales (Stellvertreter)<\/li>\n<\/ul>\n\n\n\n<div style=\"height:60px\" aria-hidden=\"true\" class=\"wp-block-spacer\"><\/div>\n\n\n\n<div class=\"wp-block-columns is-layout-flex wp-container-core-columns-is-layout-9d6595d7 wp-block-columns-is-layout-flex\">\n<div class=\"wp-block-column is-layout-flow wp-block-column-is-layout-flow\">\n<figure class=\"wp-block-image size-full is-style-rounded\"><img loading=\"lazy\" decoding=\"async\" width=\"400\" height=\"400\" src=\"http:\/\/gruene-eichstaett.de\/kreistag\/wp-content\/uploads\/sites\/13\/2021\/12\/Profilbild-Sonenblume-e1638891539515.png\" alt=\"\" class=\"wp-image-13\"\/><\/figure>\n<\/div>\n\n\n\n<div class=\"wp-block-column is-vertically-aligned-center is-layout-flow wp-block-column-is-layout-flow\">\n<h3 class=\"wp-block-heading\">Klaus Bittlmayer<\/h3>\n<\/div>\n<\/div>\n\n\n\n<div style=\"height:60px\" aria-hidden=\"true\" class=\"wp-block-spacer\"><\/div>\n\n\n\n<p>Ich bin f\u00fcr Sie in folgenden Gremien und Aussch\u00fcssen<\/p>\n\n\n\n<ul class=\"wp-block-list\">\n<li>Jugendhilfeausschuss<\/li>\n\n\n\n<li>Verwaltungsrat des Kommunalunternehmens Klinken im Naturpark Altm\u00fchltal<\/li>\n<\/ul>\n\n\n\n<div style=\"height:60px\" aria-hidden=\"true\" class=\"wp-block-spacer\"><\/div>\n\n\n\n<p><\/p>\n","protected":false},"excerpt":{"rendered":"<p>Simone Zink Fraktionsvorsitzende Ich bin f\u00fcr Sie in folgenden Aussch\u00fcssen und Gremien t\u00e4tig: Manfred Muthig stellvertretender Fraktionsvorsitzender Ich bin f\u00fcr Sie in folgenden Aussch\u00fcssen und Gremien t\u00e4tig: Friederike R\u00f6tzsch Ich [&hellip;]<\/p>\n","protected":false},"author":2,"featured_media":0,"parent":0,"menu_order":0,"comment_status":"closed","ping_status":"closed","template":"","meta":{"footnotes":""},"class_list":["post-10","page","type-page","status-publish","hentry"],"yoast_head":"<!-- This site is optimized with the Yoast SEO plugin v27.3 - https:\/\/yoast.com\/product\/yoast-seo-wordpress\/ -->\n<title>KREISR\u00c4TINNEN UND KREISR\u00c4TE - B\u00dcNDNIS 90\/DIE GR\u00dcNEN<\/title>\n<meta name=\"robots\" content=\"index, follow, max-snippet:-1, max-image-preview:large, max-video-preview:-1\" \/>\n<link rel=\"canonical\" href=\"https:\/\/gruene-eichstaett.de\/kreistag\/\" \/>\n<meta property=\"og:locale\" content=\"de_DE\" \/>\n<meta property=\"og:type\" content=\"article\" \/>\n<meta property=\"og:title\" content=\"KREISR\u00c4TINNEN UND KREISR\u00c4TE - B\u00dcNDNIS 90\/DIE GR\u00dcNEN\" \/>\n<meta property=\"og:description\" content=\"Simone Zink Fraktionsvorsitzende Ich bin f\u00fcr Sie in folgenden Aussch\u00fcssen und Gremien t\u00e4tig: Manfred Muthig stellvertretender Fraktionsvorsitzender Ich bin f\u00fcr Sie in folgenden Aussch\u00fcssen und Gremien t\u00e4tig: Friederike R\u00f6tzsch Ich [&hellip;]\" \/>\n<meta property=\"og:url\" content=\"https:\/\/gruene-eichstaett.de\/kreistag\/\" \/>\n<meta property=\"og:site_name\" content=\"B\u00dcNDNIS 90\/DIE GR\u00dcNEN\" \/>\n<meta property=\"article:modified_time\" content=\"2023-02-13T09:40:08+00:00\" \/>\n<meta property=\"og:image\" content=\"https:\/\/gruene-eichstaett.de\/kreistag\/wp-content\/uploads\/sites\/13\/2023\/02\/Simone-Zink-Website-1024x1024.jpg\" \/>\n<meta name=\"twitter:card\" content=\"summary_large_image\" \/>\n<meta name=\"twitter:label1\" content=\"Gesch\u00e4tzte Lesezeit\" \/>\n\t<meta name=\"twitter:data1\" content=\"2\u00a0Minuten\" \/>\n<script type=\"application\/ld+json\" class=\"yoast-schema-graph\">{\"@context\":\"https:\\\/\\\/schema.org\",\"@graph\":[{\"@type\":\"WebPage\",\"@id\":\"https:\\\/\\\/gruene-eichstaett.de\\\/kreistag\\\/\",\"url\":\"https:\\\/\\\/gruene-eichstaett.de\\\/kreistag\\\/\",\"name\":\"KREISR\u00c4TINNEN UND KREISR\u00c4TE - B\u00dcNDNIS 90\\\/DIE GR\u00dcNEN\",\"isPartOf\":{\"@id\":\"https:\\\/\\\/gruene-eichstaett.de\\\/kreistag\\\/#website\"},\"primaryImageOfPage\":{\"@id\":\"https:\\\/\\\/gruene-eichstaett.de\\\/kreistag\\\/#primaryimage\"},\"image\":{\"@id\":\"https:\\\/\\\/gruene-eichstaett.de\\\/kreistag\\\/#primaryimage\"},\"thumbnailUrl\":\"https:\\\/\\\/gruene-eichstaett.de\\\/kreistag\\\/wp-content\\\/uploads\\\/sites\\\/13\\\/2023\\\/02\\\/Simone-Zink-Website-1024x1024.jpg\",\"datePublished\":\"2021-12-07T14:18:48+00:00\",\"dateModified\":\"2023-02-13T09:40:08+00:00\",\"breadcrumb\":{\"@id\":\"https:\\\/\\\/gruene-eichstaett.de\\\/kreistag\\\/#breadcrumb\"},\"inLanguage\":\"de\",\"potentialAction\":[{\"@type\":\"ReadAction\",\"target\":[\"https:\\\/\\\/gruene-eichstaett.de\\\/kreistag\\\/\"]}]},{\"@type\":\"ImageObject\",\"inLanguage\":\"de\",\"@id\":\"https:\\\/\\\/gruene-eichstaett.de\\\/kreistag\\\/#primaryimage\",\"url\":\"https:\\\/\\\/gruene-eichstaett.de\\\/kreistag\\\/wp-content\\\/uploads\\\/sites\\\/13\\\/2023\\\/02\\\/Simone-Zink-Website.jpg\",\"contentUrl\":\"https:\\\/\\\/gruene-eichstaett.de\\\/kreistag\\\/wp-content\\\/uploads\\\/sites\\\/13\\\/2023\\\/02\\\/Simone-Zink-Website.jpg\",\"width\":1200,\"height\":1200},{\"@type\":\"BreadcrumbList\",\"@id\":\"https:\\\/\\\/gruene-eichstaett.de\\\/kreistag\\\/#breadcrumb\",\"itemListElement\":[{\"@type\":\"ListItem\",\"position\":1,\"name\":\"Startseite\",\"item\":\"https:\\\/\\\/gruene-eichstaett.de\\\/kreistag\\\/\"},{\"@type\":\"ListItem\",\"position\":2,\"name\":\"KREISR\u00c4TINNEN UND KREISR\u00c4TE\"}]},{\"@type\":\"WebSite\",\"@id\":\"https:\\\/\\\/gruene-eichstaett.de\\\/kreistag\\\/#website\",\"url\":\"https:\\\/\\\/gruene-eichstaett.de\\\/kreistag\\\/\",\"name\":\"B\u00dcNDNIS 90\\\/DIE GR\u00dcNEN\",\"description\":\"Kreistagsfraktion im Landkreis Eichst\u00e4tt\",\"publisher\":{\"@id\":\"https:\\\/\\\/gruene-eichstaett.de\\\/kreistag\\\/#organization\"},\"potentialAction\":[{\"@type\":\"SearchAction\",\"target\":{\"@type\":\"EntryPoint\",\"urlTemplate\":\"https:\\\/\\\/gruene-eichstaett.de\\\/kreistag\\\/?s={search_term_string}\"},\"query-input\":{\"@type\":\"PropertyValueSpecification\",\"valueRequired\":true,\"valueName\":\"search_term_string\"}}],\"inLanguage\":\"de\"},{\"@type\":\"Organization\",\"@id\":\"https:\\\/\\\/gruene-eichstaett.de\\\/kreistag\\\/#organization\",\"name\":\"B\u00dcNDNIS 90\\\/DIE GR\u00dcNEN\",\"url\":\"https:\\\/\\\/gruene-eichstaett.de\\\/kreistag\\\/\",\"logo\":{\"@type\":\"ImageObject\",\"inLanguage\":\"de\",\"@id\":\"https:\\\/\\\/gruene-eichstaett.de\\\/kreistag\\\/#\\\/schema\\\/logo\\\/image\\\/\",\"url\":\"http:\\\/\\\/gruene-eichstaett.de\\\/kreistag\\\/wp-content\\\/uploads\\\/sites\\\/13\\\/2021\\\/12\\\/Profilbild-Sonenblume-e1638891539515.png\",\"contentUrl\":\"http:\\\/\\\/gruene-eichstaett.de\\\/kreistag\\\/wp-content\\\/uploads\\\/sites\\\/13\\\/2021\\\/12\\\/Profilbild-Sonenblume-e1638891539515.png\",\"width\":400,\"height\":400,\"caption\":\"B\u00dcNDNIS 90\\\/DIE GR\u00dcNEN\"},\"image\":{\"@id\":\"https:\\\/\\\/gruene-eichstaett.de\\\/kreistag\\\/#\\\/schema\\\/logo\\\/image\\\/\"}}]}<\/script>\n<!-- \/ Yoast SEO plugin. -->","yoast_head_json":{"title":"KREISR\u00c4TINNEN UND KREISR\u00c4TE - B\u00dcNDNIS 90\/DIE GR\u00dcNEN","robots":{"index":"index","follow":"follow","max-snippet":"max-snippet:-1","max-image-preview":"max-image-preview:large","max-video-preview":"max-video-preview:-1"},"canonical":"https:\/\/gruene-eichstaett.de\/kreistag\/","og_locale":"de_DE","og_type":"article","og_title":"KREISR\u00c4TINNEN UND KREISR\u00c4TE - B\u00dcNDNIS 90\/DIE GR\u00dcNEN","og_description":"Simone Zink Fraktionsvorsitzende Ich bin f\u00fcr Sie in folgenden Aussch\u00fcssen und Gremien t\u00e4tig: Manfred Muthig stellvertretender Fraktionsvorsitzender Ich bin f\u00fcr Sie in folgenden Aussch\u00fcssen und Gremien t\u00e4tig: Friederike R\u00f6tzsch Ich [&hellip;]","og_url":"https:\/\/gruene-eichstaett.de\/kreistag\/","og_site_name":"B\u00dcNDNIS 90\/DIE GR\u00dcNEN","article_modified_time":"2023-02-13T09:40:08+00:00","og_image":[{"url":"https:\/\/gruene-eichstaett.de\/kreistag\/wp-content\/uploads\/sites\/13\/2023\/02\/Simone-Zink-Website-1024x1024.jpg","type":"","width":"","height":""}],"twitter_card":"summary_large_image","twitter_misc":{"Gesch\u00e4tzte Lesezeit":"2\u00a0Minuten"},"schema":{"@context":"https:\/\/schema.org","@graph":[{"@type":"WebPage","@id":"https:\/\/gruene-eichstaett.de\/kreistag\/","url":"https:\/\/gruene-eichstaett.de\/kreistag\/","name":"KREISR\u00c4TINNEN UND KREISR\u00c4TE - B\u00dcNDNIS 90\/DIE GR\u00dcNEN","isPartOf":{"@id":"https:\/\/gruene-eichstaett.de\/kreistag\/#website"},"primaryImageOfPage":{"@id":"https:\/\/gruene-eichstaett.de\/kreistag\/#primaryimage"},"image":{"@id":"https:\/\/gruene-eichstaett.de\/kreistag\/#primaryimage"},"thumbnailUrl":"https:\/\/gruene-eichstaett.de\/kreistag\/wp-content\/uploads\/sites\/13\/2023\/02\/Simone-Zink-Website-1024x1024.jpg","datePublished":"2021-12-07T14:18:48+00:00","dateModified":"2023-02-13T09:40:08+00:00","breadcrumb":{"@id":"https:\/\/gruene-eichstaett.de\/kreistag\/#breadcrumb"},"inLanguage":"de","potentialAction":[{"@type":"ReadAction","target":["https:\/\/gruene-eichstaett.de\/kreistag\/"]}]},{"@type":"ImageObject","inLanguage":"de","@id":"https:\/\/gruene-eichstaett.de\/kreistag\/#primaryimage","url":"https:\/\/gruene-eichstaett.de\/kreistag\/wp-content\/uploads\/sites\/13\/2023\/02\/Simone-Zink-Website.jpg","contentUrl":"https:\/\/gruene-eichstaett.de\/kreistag\/wp-content\/uploads\/sites\/13\/2023\/02\/Simone-Zink-Website.jpg","width":1200,"height":1200},{"@type":"BreadcrumbList","@id":"https:\/\/gruene-eichstaett.de\/kreistag\/#breadcrumb","itemListElement":[{"@type":"ListItem","position":1,"name":"Startseite","item":"https:\/\/gruene-eichstaett.de\/kreistag\/"},{"@type":"ListItem","position":2,"name":"KREISR\u00c4TINNEN UND KREISR\u00c4TE"}]},{"@type":"WebSite","@id":"https:\/\/gruene-eichstaett.de\/kreistag\/#website","url":"https:\/\/gruene-eichstaett.de\/kreistag\/","name":"B\u00dcNDNIS 90\/DIE GR\u00dcNEN","description":"Kreistagsfraktion im Landkreis Eichst\u00e4tt","publisher":{"@id":"https:\/\/gruene-eichstaett.de\/kreistag\/#organization"},"potentialAction":[{"@type":"SearchAction","target":{"@type":"EntryPoint","urlTemplate":"https:\/\/gruene-eichstaett.de\/kreistag\/?s={search_term_string}"},"query-input":{"@type":"PropertyValueSpecification","valueRequired":true,"valueName":"search_term_string"}}],"inLanguage":"de"},{"@type":"Organization","@id":"https:\/\/gruene-eichstaett.de\/kreistag\/#organization","name":"B\u00dcNDNIS 90\/DIE GR\u00dcNEN","url":"https:\/\/gruene-eichstaett.de\/kreistag\/","logo":{"@type":"ImageObject","inLanguage":"de","@id":"https:\/\/gruene-eichstaett.de\/kreistag\/#\/schema\/logo\/image\/","url":"http:\/\/gruene-eichstaett.de\/kreistag\/wp-content\/uploads\/sites\/13\/2021\/12\/Profilbild-Sonenblume-e1638891539515.png","contentUrl":"http:\/\/gruene-eichstaett.de\/kreistag\/wp-content\/uploads\/sites\/13\/2021\/12\/Profilbild-Sonenblume-e1638891539515.png","width":400,"height":400,"caption":"B\u00dcNDNIS 90\/DIE GR\u00dcNEN"},"image":{"@id":"https:\/\/gruene-eichstaett.de\/kreistag\/#\/schema\/logo\/image\/"}}]}},"_links":{"self":[{"href":"https:\/\/gruene-eichstaett.de\/kreistag\/wp-json\/wp\/v2\/pages\/10","targetHints":{"allow":["GET"]}}],"collection":[{"href":"https:\/\/gruene-eichstaett.de\/kreistag\/wp-json\/wp\/v2\/pages"}],"about":[{"href":"https:\/\/gruene-eichstaett.de\/kreistag\/wp-json\/wp\/v2\/types\/page"}],"author":[{"embeddable":true,"href":"https:\/\/gruene-eichstaett.de\/kreistag\/wp-json\/wp\/v2\/users\/2"}],"replies":[{"embeddable":true,"href":"https:\/\/gruene-eichstaett.de\/kreistag\/wp-json\/wp\/v2\/comments?post=10"}],"version-history":[{"count":27,"href":"https:\/\/gruene-eichstaett.de\/kreistag\/wp-json\/wp\/v2\/pages\/10\/revisions"}],"predecessor-version":[{"id":87,"href":"https:\/\/gruene-eichstaett.de\/kreistag\/wp-json\/wp\/v2\/pages\/10\/revisions\/87"}],"wp:attachment":[{"href":"https:\/\/gruene-eichstaett.de\/kreistag\/wp-json\/wp\/v2\/media?parent=10"}],"curies":[{"name":"wp","href":"https:\/\/api.w.org\/{rel}","templated":true}]}}