{"id":22,"date":"2021-12-21T21:13:56","date_gmt":"2021-12-21T20:13:56","guid":{"rendered":"https:\/\/gruene-eichstaett.de\/walting\/?page_id=22"},"modified":"2022-09-07T14:06:42","modified_gmt":"2022-09-07T12:06:42","slug":"gemeinderat","status":"publish","type":"page","link":"https:\/\/gruene-eichstaett.de\/walting\/gemeinderat\/","title":{"rendered":"Gemeinderat"},"content":{"rendered":"\n<div style=\"height:50px\" aria-hidden=\"true\" class=\"wp-block-spacer\"><\/div>\n\n\n\n<div class=\"wp-block-columns is-layout-flex wp-container-core-columns-is-layout-9d6595d7 wp-block-columns-is-layout-flex\">\n<div class=\"wp-block-column is-layout-flow wp-block-column-is-layout-flow\">\n<figure class=\"wp-block-image size-full is-style-rounded\"><img loading=\"lazy\" decoding=\"async\" width=\"800\" height=\"800\" src=\"https:\/\/gruene-eichstaett.de\/walting\/wp-content\/uploads\/sites\/9\/2022\/09\/Bittelmayer-Web.jpg\" alt=\"\" class=\"wp-image-63\" srcset=\"https:\/\/gruene-eichstaett.de\/walting\/wp-content\/uploads\/sites\/9\/2022\/09\/Bittelmayer-Web.jpg 800w, https:\/\/gruene-eichstaett.de\/walting\/wp-content\/uploads\/sites\/9\/2022\/09\/Bittelmayer-Web-300x300.jpg 300w, https:\/\/gruene-eichstaett.de\/walting\/wp-content\/uploads\/sites\/9\/2022\/09\/Bittelmayer-Web-150x150.jpg 150w, https:\/\/gruene-eichstaett.de\/walting\/wp-content\/uploads\/sites\/9\/2022\/09\/Bittelmayer-Web-768x768.jpg 768w\" sizes=\"auto, (max-width: 800px) 100vw, 800px\" \/><\/figure>\n<\/div>\n\n\n\n<div class=\"wp-block-column is-vertically-aligned-center is-layout-flow wp-block-column-is-layout-flow\">\n<h3 class=\"wp-block-heading\">Christoph Bittlmayer<\/h3>\n\n\n\n<p>Gemeinderat in Walting<\/p>\n<\/div>\n\n\n\n<div class=\"wp-block-column is-vertically-aligned-center is-layout-flow wp-block-column-is-layout-flow\">\n<p>Ich bin f\u00fcr Sie in folgenden Gremien und Aussch\u00fcssen t\u00e4tig:<\/p>\n\n\n\n<ul class=\"wp-block-list\"><li>Zweckverband Wasserversorgung Altm\u00fchltal<\/li><li>Jugendbeauftrager<\/li><li>Integrationsbeauftragter<\/li><\/ul>\n<\/div>\n<\/div>\n\n\n\n<div style=\"height:50px\" aria-hidden=\"true\" class=\"wp-block-spacer\"><\/div>\n\n\n\n<div class=\"wp-block-columns is-layout-flex wp-container-core-columns-is-layout-9d6595d7 wp-block-columns-is-layout-flex\">\n<div class=\"wp-block-column is-layout-flow wp-block-column-is-layout-flow\">\n<figure class=\"wp-block-image size-full is-style-rounded\"><img loading=\"lazy\" decoding=\"async\" width=\"800\" height=\"800\" src=\"https:\/\/gruene-eichstaett.de\/walting\/wp-content\/uploads\/sites\/9\/2022\/09\/Zehetleitner-Michael-Web.jpg\" alt=\"\" class=\"wp-image-66\" srcset=\"https:\/\/gruene-eichstaett.de\/walting\/wp-content\/uploads\/sites\/9\/2022\/09\/Zehetleitner-Michael-Web.jpg 800w, https:\/\/gruene-eichstaett.de\/walting\/wp-content\/uploads\/sites\/9\/2022\/09\/Zehetleitner-Michael-Web-300x300.jpg 300w, https:\/\/gruene-eichstaett.de\/walting\/wp-content\/uploads\/sites\/9\/2022\/09\/Zehetleitner-Michael-Web-150x150.jpg 150w, https:\/\/gruene-eichstaett.de\/walting\/wp-content\/uploads\/sites\/9\/2022\/09\/Zehetleitner-Michael-Web-768x768.jpg 768w\" sizes=\"auto, (max-width: 800px) 100vw, 800px\" \/><\/figure>\n<\/div>\n\n\n\n<div class=\"wp-block-column is-vertically-aligned-center is-layout-flow wp-block-column-is-layout-flow\">\n<h3 class=\"wp-block-heading\">Prof. Dr. Michael Zehetleitner<\/h3>\n\n\n\n<p>Gemeinderat in Walting<\/p>\n<\/div>\n\n\n\n<div class=\"wp-block-column is-layout-flow wp-block-column-is-layout-flow\">\n<p>Ich bin f\u00fcr Sie in folgenden Gremien und Aussch\u00fcssen t\u00e4tig:<\/p>\n\n\n\n<ul class=\"wp-block-list\"><li>Rechnungspr\u00fcfungsausschuss<\/li><\/ul>\n<\/div>\n<\/div>\n\n\n\n<div style=\"height:50px\" aria-hidden=\"true\" class=\"wp-block-spacer\"><\/div>\n","protected":false},"excerpt":{"rendered":"<p>Christoph Bittlmayer Gemeinderat in Walting Ich bin f\u00fcr Sie in folgenden Gremien und Aussch\u00fcssen t\u00e4tig: Zweckverband Wasserversorgung Altm\u00fchltal Jugendbeauftrager Integrationsbeauftragter Prof. Dr. Michael Zehetleitner Gemeinderat in Walting Ich bin f\u00fcr [&hellip;]<\/p>\n","protected":false},"author":2,"featured_media":0,"parent":0,"menu_order":0,"comment_status":"closed","ping_status":"closed","template":"","meta":{"footnotes":""},"class_list":["post-22","page","type-page","status-publish","hentry"],"yoast_head":"<!-- This site is optimized with the Yoast SEO plugin v27.3 - https:\/\/yoast.com\/product\/yoast-seo-wordpress\/ -->\n<title>Gemeinderat - B\u00dcNDNIS 90\/DIE GR\u00dcNEN<\/title>\n<meta name=\"robots\" content=\"index, follow, max-snippet:-1, max-image-preview:large, max-video-preview:-1\" \/>\n<link rel=\"canonical\" href=\"https:\/\/gruene-eichstaett.de\/walting\/gemeinderat\/\" \/>\n<meta property=\"og:locale\" content=\"de_DE\" \/>\n<meta property=\"og:type\" content=\"article\" \/>\n<meta property=\"og:title\" content=\"Gemeinderat - B\u00dcNDNIS 90\/DIE GR\u00dcNEN\" \/>\n<meta property=\"og:description\" content=\"Christoph Bittlmayer Gemeinderat in Walting Ich bin f\u00fcr Sie in folgenden Gremien und Aussch\u00fcssen t\u00e4tig: Zweckverband Wasserversorgung Altm\u00fchltal Jugendbeauftrager Integrationsbeauftragter Prof. Dr. Michael Zehetleitner Gemeinderat in Walting Ich bin f\u00fcr [&hellip;]\" \/>\n<meta property=\"og:url\" content=\"https:\/\/gruene-eichstaett.de\/walting\/gemeinderat\/\" \/>\n<meta property=\"og:site_name\" content=\"B\u00dcNDNIS 90\/DIE GR\u00dcNEN\" \/>\n<meta property=\"article:modified_time\" content=\"2022-09-07T12:06:42+00:00\" \/>\n<meta property=\"og:image\" content=\"https:\/\/gruene-eichstaett.de\/walting\/wp-content\/uploads\/sites\/9\/2022\/09\/Bittelmayer-Web.jpg\" \/>\n<meta name=\"twitter:card\" content=\"summary_large_image\" \/>\n<meta name=\"twitter:label1\" content=\"Gesch\u00e4tzte Lesezeit\" \/>\n\t<meta name=\"twitter:data1\" content=\"1\u00a0Minute\" \/>\n<script type=\"application\/ld+json\" class=\"yoast-schema-graph\">{\"@context\":\"https:\\\/\\\/schema.org\",\"@graph\":[{\"@type\":\"WebPage\",\"@id\":\"https:\\\/\\\/gruene-eichstaett.de\\\/walting\\\/gemeinderat\\\/\",\"url\":\"https:\\\/\\\/gruene-eichstaett.de\\\/walting\\\/gemeinderat\\\/\",\"name\":\"Gemeinderat - B\u00dcNDNIS 90\\\/DIE GR\u00dcNEN\",\"isPartOf\":{\"@id\":\"https:\\\/\\\/gruene-eichstaett.de\\\/walting\\\/#website\"},\"primaryImageOfPage\":{\"@id\":\"https:\\\/\\\/gruene-eichstaett.de\\\/walting\\\/gemeinderat\\\/#primaryimage\"},\"image\":{\"@id\":\"https:\\\/\\\/gruene-eichstaett.de\\\/walting\\\/gemeinderat\\\/#primaryimage\"},\"thumbnailUrl\":\"https:\\\/\\\/gruene-eichstaett.de\\\/walting\\\/wp-content\\\/uploads\\\/sites\\\/9\\\/2022\\\/09\\\/Bittelmayer-Web.jpg\",\"datePublished\":\"2021-12-21T20:13:56+00:00\",\"dateModified\":\"2022-09-07T12:06:42+00:00\",\"breadcrumb\":{\"@id\":\"https:\\\/\\\/gruene-eichstaett.de\\\/walting\\\/gemeinderat\\\/#breadcrumb\"},\"inLanguage\":\"de\",\"potentialAction\":[{\"@type\":\"ReadAction\",\"target\":[\"https:\\\/\\\/gruene-eichstaett.de\\\/walting\\\/gemeinderat\\\/\"]}]},{\"@type\":\"ImageObject\",\"inLanguage\":\"de\",\"@id\":\"https:\\\/\\\/gruene-eichstaett.de\\\/walting\\\/gemeinderat\\\/#primaryimage\",\"url\":\"https:\\\/\\\/gruene-eichstaett.de\\\/walting\\\/wp-content\\\/uploads\\\/sites\\\/9\\\/2022\\\/09\\\/Bittelmayer-Web.jpg\",\"contentUrl\":\"https:\\\/\\\/gruene-eichstaett.de\\\/walting\\\/wp-content\\\/uploads\\\/sites\\\/9\\\/2022\\\/09\\\/Bittelmayer-Web.jpg\",\"width\":800,\"height\":800},{\"@type\":\"BreadcrumbList\",\"@id\":\"https:\\\/\\\/gruene-eichstaett.de\\\/walting\\\/gemeinderat\\\/#breadcrumb\",\"itemListElement\":[{\"@type\":\"ListItem\",\"position\":1,\"name\":\"Startseite\",\"item\":\"https:\\\/\\\/gruene-eichstaett.de\\\/walting\\\/\"},{\"@type\":\"ListItem\",\"position\":2,\"name\":\"Gemeinderat\"}]},{\"@type\":\"WebSite\",\"@id\":\"https:\\\/\\\/gruene-eichstaett.de\\\/walting\\\/#website\",\"url\":\"https:\\\/\\\/gruene-eichstaett.de\\\/walting\\\/\",\"name\":\"B\u00dcNDNIS 90\\\/DIE GR\u00dcNEN\",\"description\":\"in der Gemeinde Walting\",\"publisher\":{\"@id\":\"https:\\\/\\\/gruene-eichstaett.de\\\/walting\\\/#organization\"},\"potentialAction\":[{\"@type\":\"SearchAction\",\"target\":{\"@type\":\"EntryPoint\",\"urlTemplate\":\"https:\\\/\\\/gruene-eichstaett.de\\\/walting\\\/?s={search_term_string}\"},\"query-input\":{\"@type\":\"PropertyValueSpecification\",\"valueRequired\":true,\"valueName\":\"search_term_string\"}}],\"inLanguage\":\"de\"},{\"@type\":\"Organization\",\"@id\":\"https:\\\/\\\/gruene-eichstaett.de\\\/walting\\\/#organization\",\"name\":\"B\u00dcNDNIS 90\\\/DIE GR\u00dcNEN\",\"url\":\"https:\\\/\\\/gruene-eichstaett.de\\\/walting\\\/\",\"logo\":{\"@type\":\"ImageObject\",\"inLanguage\":\"de\",\"@id\":\"https:\\\/\\\/gruene-eichstaett.de\\\/walting\\\/#\\\/schema\\\/logo\\\/image\\\/\",\"url\":\"http:\\\/\\\/gruene-eichstaett.de\\\/walting\\\/wp-content\\\/uploads\\\/sites\\\/9\\\/2021\\\/12\\\/Profilbild-Sonenblume.png\",\"contentUrl\":\"http:\\\/\\\/gruene-eichstaett.de\\\/walting\\\/wp-content\\\/uploads\\\/sites\\\/9\\\/2021\\\/12\\\/Profilbild-Sonenblume.png\",\"width\":500,\"height\":500,\"caption\":\"B\u00dcNDNIS 90\\\/DIE GR\u00dcNEN\"},\"image\":{\"@id\":\"https:\\\/\\\/gruene-eichstaett.de\\\/walting\\\/#\\\/schema\\\/logo\\\/image\\\/\"}}]}<\/script>\n<!-- \/ Yoast SEO plugin. -->","yoast_head_json":{"title":"Gemeinderat - B\u00dcNDNIS 90\/DIE GR\u00dcNEN","robots":{"index":"index","follow":"follow","max-snippet":"max-snippet:-1","max-image-preview":"max-image-preview:large","max-video-preview":"max-video-preview:-1"},"canonical":"https:\/\/gruene-eichstaett.de\/walting\/gemeinderat\/","og_locale":"de_DE","og_type":"article","og_title":"Gemeinderat - B\u00dcNDNIS 90\/DIE GR\u00dcNEN","og_description":"Christoph Bittlmayer Gemeinderat in Walting Ich bin f\u00fcr Sie in folgenden Gremien und Aussch\u00fcssen t\u00e4tig: Zweckverband Wasserversorgung Altm\u00fchltal Jugendbeauftrager Integrationsbeauftragter Prof. Dr. Michael Zehetleitner Gemeinderat in Walting Ich bin f\u00fcr [&hellip;]","og_url":"https:\/\/gruene-eichstaett.de\/walting\/gemeinderat\/","og_site_name":"B\u00dcNDNIS 90\/DIE GR\u00dcNEN","article_modified_time":"2022-09-07T12:06:42+00:00","og_image":[{"url":"https:\/\/gruene-eichstaett.de\/walting\/wp-content\/uploads\/sites\/9\/2022\/09\/Bittelmayer-Web.jpg","type":"","width":"","height":""}],"twitter_card":"summary_large_image","twitter_misc":{"Gesch\u00e4tzte Lesezeit":"1\u00a0Minute"},"schema":{"@context":"https:\/\/schema.org","@graph":[{"@type":"WebPage","@id":"https:\/\/gruene-eichstaett.de\/walting\/gemeinderat\/","url":"https:\/\/gruene-eichstaett.de\/walting\/gemeinderat\/","name":"Gemeinderat - B\u00dcNDNIS 90\/DIE GR\u00dcNEN","isPartOf":{"@id":"https:\/\/gruene-eichstaett.de\/walting\/#website"},"primaryImageOfPage":{"@id":"https:\/\/gruene-eichstaett.de\/walting\/gemeinderat\/#primaryimage"},"image":{"@id":"https:\/\/gruene-eichstaett.de\/walting\/gemeinderat\/#primaryimage"},"thumbnailUrl":"https:\/\/gruene-eichstaett.de\/walting\/wp-content\/uploads\/sites\/9\/2022\/09\/Bittelmayer-Web.jpg","datePublished":"2021-12-21T20:13:56+00:00","dateModified":"2022-09-07T12:06:42+00:00","breadcrumb":{"@id":"https:\/\/gruene-eichstaett.de\/walting\/gemeinderat\/#breadcrumb"},"inLanguage":"de","potentialAction":[{"@type":"ReadAction","target":["https:\/\/gruene-eichstaett.de\/walting\/gemeinderat\/"]}]},{"@type":"ImageObject","inLanguage":"de","@id":"https:\/\/gruene-eichstaett.de\/walting\/gemeinderat\/#primaryimage","url":"https:\/\/gruene-eichstaett.de\/walting\/wp-content\/uploads\/sites\/9\/2022\/09\/Bittelmayer-Web.jpg","contentUrl":"https:\/\/gruene-eichstaett.de\/walting\/wp-content\/uploads\/sites\/9\/2022\/09\/Bittelmayer-Web.jpg","width":800,"height":800},{"@type":"BreadcrumbList","@id":"https:\/\/gruene-eichstaett.de\/walting\/gemeinderat\/#breadcrumb","itemListElement":[{"@type":"ListItem","position":1,"name":"Startseite","item":"https:\/\/gruene-eichstaett.de\/walting\/"},{"@type":"ListItem","position":2,"name":"Gemeinderat"}]},{"@type":"WebSite","@id":"https:\/\/gruene-eichstaett.de\/walting\/#website","url":"https:\/\/gruene-eichstaett.de\/walting\/","name":"B\u00dcNDNIS 90\/DIE GR\u00dcNEN","description":"in der Gemeinde Walting","publisher":{"@id":"https:\/\/gruene-eichstaett.de\/walting\/#organization"},"potentialAction":[{"@type":"SearchAction","target":{"@type":"EntryPoint","urlTemplate":"https:\/\/gruene-eichstaett.de\/walting\/?s={search_term_string}"},"query-input":{"@type":"PropertyValueSpecification","valueRequired":true,"valueName":"search_term_string"}}],"inLanguage":"de"},{"@type":"Organization","@id":"https:\/\/gruene-eichstaett.de\/walting\/#organization","name":"B\u00dcNDNIS 90\/DIE GR\u00dcNEN","url":"https:\/\/gruene-eichstaett.de\/walting\/","logo":{"@type":"ImageObject","inLanguage":"de","@id":"https:\/\/gruene-eichstaett.de\/walting\/#\/schema\/logo\/image\/","url":"http:\/\/gruene-eichstaett.de\/walting\/wp-content\/uploads\/sites\/9\/2021\/12\/Profilbild-Sonenblume.png","contentUrl":"http:\/\/gruene-eichstaett.de\/walting\/wp-content\/uploads\/sites\/9\/2021\/12\/Profilbild-Sonenblume.png","width":500,"height":500,"caption":"B\u00dcNDNIS 90\/DIE GR\u00dcNEN"},"image":{"@id":"https:\/\/gruene-eichstaett.de\/walting\/#\/schema\/logo\/image\/"}}]}},"_links":{"self":[{"href":"https:\/\/gruene-eichstaett.de\/walting\/wp-json\/wp\/v2\/pages\/22","targetHints":{"allow":["GET"]}}],"collection":[{"href":"https:\/\/gruene-eichstaett.de\/walting\/wp-json\/wp\/v2\/pages"}],"about":[{"href":"https:\/\/gruene-eichstaett.de\/walting\/wp-json\/wp\/v2\/types\/page"}],"author":[{"embeddable":true,"href":"https:\/\/gruene-eichstaett.de\/walting\/wp-json\/wp\/v2\/users\/2"}],"replies":[{"embeddable":true,"href":"https:\/\/gruene-eichstaett.de\/walting\/wp-json\/wp\/v2\/comments?post=22"}],"version-history":[{"count":5,"href":"https:\/\/gruene-eichstaett.de\/walting\/wp-json\/wp\/v2\/pages\/22\/revisions"}],"predecessor-version":[{"id":67,"href":"https:\/\/gruene-eichstaett.de\/walting\/wp-json\/wp\/v2\/pages\/22\/revisions\/67"}],"wp:attachment":[{"href":"https:\/\/gruene-eichstaett.de\/walting\/wp-json\/wp\/v2\/media?parent=22"}],"curies":[{"name":"wp","href":"https:\/\/api.w.org\/{rel}","templated":true}]}}